{"id":13,"date":"2019-07-22T20:16:08","date_gmt":"2019-07-22T20:16:08","guid":{"rendered":"http:\/\/leben-geht-anders.info\/?page_id=13"},"modified":"2020-09-30T11:17:46","modified_gmt":"2020-09-30T09:17:46","slug":"ueber-mich","status":"publish","type":"page","link":"https:\/\/leben-geht-anders.info\/?page_id=13","title":{"rendered":"\u00dcber mich"},"content":{"rendered":"\n<p><strong>Ein hilfreiches Coaching basiert nicht vordringlich auf ausgefeilten Methoden, neuesten Managementtrends oder wohlklingenden Techniken, sondern wirkt aufgrund einer vertrauensvollen Beziehung zwischen gleichw\u00fcrdigen Menschen.<\/strong><\/p>\n\n\n\n<h3 class=\"wp-block-heading\"><strong>Was mich ausmacht<\/strong><\/h3>\n\n\n\n<p>\u201e<em>Ein guter Coach ist dumm, faul und neugierig<\/em>\u201c lautet ein g\u00e4ngiges Zitat unter Berater*innen. Mir gef\u00e4llt dieser Ausspruch, weil sich in ihm meine Vorstellung eines aufgeschlossenen, m\u00f6glichst unvoreingenommenen und achtsamen Begleiters ausdr\u00fcckt. Voll da zu sein und gleichzeitig neben dem Geschehen zu stehen, das zeichnet einen guten Berater aus.<\/p>\n\n\n\n<p>Einer humanistischen Welt- und Menschensicht verpflichtet, interessieren mich als Sozialwissenschaftler in erster Linie die Menschen sowie dahinter die ma\u00dfgeblichen Strukturen, Prozesse und Vorg\u00e4nge. Beratungen, Seminare und Trainings f\u00fchre ich mit einem kritisch-emanzipativen Bildungsverst\u00e4ndnis durch. Begrifflichkeiten wie Solidarit\u00e4t, Respekt und Gleichw\u00fcrdigkeit messe ich einen hohen Stellenwert bei. Zugleich bewahre ich mir einen unverstellten, offenen Blick auf meine Klient*innen, ganz so wie Kinderaugen die Welt betrachten. Manchmal eben naiv und immer auch noch etwas \u201e<em>dumm<\/em>\u201c.<\/p>\n\n\n\n<div class=\"wp-block-image\"><figure class=\"alignright size-large is-resized\"><img loading=\"lazy\" decoding=\"async\" src=\"http:\/\/leben-geht-anders.info\/wp-content\/uploads\/2019\/07\/2019_lga_Sprechblase_Idee.png\" alt=\"\" class=\"wp-image-156\" width=\"332\" height=\"240\" srcset=\"https:\/\/leben-geht-anders.info\/wp-content\/uploads\/2019\/07\/2019_lga_Sprechblase_Idee.png 900w, https:\/\/leben-geht-anders.info\/wp-content\/uploads\/2019\/07\/2019_lga_Sprechblase_Idee-300x217.png 300w, https:\/\/leben-geht-anders.info\/wp-content\/uploads\/2019\/07\/2019_lga_Sprechblase_Idee-768x555.png 768w, https:\/\/leben-geht-anders.info\/wp-content\/uploads\/2019\/07\/2019_lga_Sprechblase_Idee-624x451.png 624w\" sizes=\"auto, (max-width: 332px) 100vw, 332px\" \/><\/figure><\/div>\n\n\n\n<p class=\"has-text-align-left\">Als systemischer Coach bekenne ich: Ich bin faul! Ich berate und begleite Menschen und Organisationen ein St\u00fcck auf ihrem (Lebens-) Weg. Dennoch ma\u00dfe ich mir nicht an, f\u00fcr sie zu entscheiden oder das passende Rezept zu kennen. Vielmehr leitet der feste Glaube an die Selbststeuerungskr\u00e4fte lebender Systeme mein Handeln. Ich verlasse mich nicht nur auf starre Fakten und Informationen, sondern f\u00fchle Emotionen und Bed\u00fcrfnissen nach. Ich sehe in Strukturen und Organisationen pr\u00e4gende Kr\u00e4fte am Werk. Zugleich h\u00f6re ich aufmerksam auf die Eigenarten und individuellen Bed\u00fcrfnisse meiner Klient*innen. Erst durch diese &#8222;<em>Faulheit<\/em>&#8220; kommen wir so recht ins Arbeiten.<\/p>\n\n\n\n<blockquote class=\"wp-block-quote is-layout-flow wp-block-quote-is-layout-flow\"><p>Es gibt keine Zuf\u00e4lle, sondern nur Unkenntnis \u00fcber die Zusammenh\u00e4ngen. (Heinrich Fallner)<\/p><\/blockquote>\n\n\n\n<p>Meine Neugier dr\u00fcckt sich schlie\u00dflich in dem tiefen Vertrauen aus, dass nichts bleibt wie es ist. Mein systemisches Grundverst\u00e4ndnis und mein christlicher Glaube geben mir Halt, obgleich ich \u00fcberzeugt bin, dass es die eine Wahrheit nicht gibt. Vielmehr interessieren mich die vielen unterschiedlichen Realit\u00e4ten und Wahrnehmungen meiner Gegen\u00fcber. Mit Pablo Picasso gesprochen suche ich nicht, sondern ich finde:<\/p>\n\n\n\n<blockquote class=\"wp-block-quote is-layout-flow wp-block-quote-is-layout-flow\"><p>Suchen, das ist das Ausgehen von alten Best\u00e4nden und das Finden-Wollen von bereits Bekanntem. Finden, das ist das v\u00f6llig Neue. (Pablo Picasso)<\/p><\/blockquote>\n\n\n\n<p><strong>Was mich qualifiziert<\/strong><\/p>\n\n\n\n<ul class=\"wp-block-list\"><li>Systemischer Coach, zertifiziert nach den Standards der Deutschen Gesellschaft f\u00fcr Coaching (DGfC)<\/li><li>Systemischer Berater, zertifiziert nach den Standards des Arbeitskreises soziale Bildung und Beratung e.V.<\/li><li>\u00dcber 15 Jahre Erfahrung als freier Trainer und Referent f\u00fcr (politische) Kinder-, Jugend- und Erwachsenenbildung <\/li><li>10 Jahre Kommunikationserfahrung als Journalist, Pressesprecher und  Berater f\u00fcr politische Parteien, kirchliche Einrichtungen,  Non-Profit-Organisationen und Unternehmen <\/li><li>Hauptberuflich bin ich als Referent f\u00fcr politische Erwachsenenbildung f\u00fcr eine politische Partei t\u00e4tig <\/li><li>Coach im ProjectTogether-Netzwerk zur Beratung junger Gr\u00fcnderinnen und Gr\u00fcnder <\/li><li>Magisterstudium der Politikwissenschaft, Geschichte und Germanistik<\/li><li>Projektleiter einer Zusammenf\u00fchrung von drei kreiskirchlichen Verwaltungen im M\u00fcnsterland 2015-2017<\/li><li>Fundraiser nach den Grunds\u00e4tzen des Vereins Nieders\u00e4chsischer Bildungsinitiativen (VNB)<\/li><li>Regelm\u00e4\u00dfige Weiterbildungen auf dem Feld des systemischen Coachings (u.a. Konfliktbearbeitung, Team-Coaching, Personalentwicklung und systemische Organisationsentwicklung)<\/li><\/ul>\n\n\n\n<p><em>Meine beruflichen Stationen, von der politischen Bildung \u00fcber die \u00d6ffentlichkeitsarbeit bis zum Agenturwesen, finden Sie <\/em><a href=\"https:\/\/www.xing.com\/profile\/Daniel_Cord\"><em>hier<\/em><\/a><em>.<\/em><\/p>\n\n\n\n<p><strong>Wer ich auch noch bin<\/strong><\/p>\n\n\n\n<p>Seit drei Jahren lebe und arbeite ich mit meiner Frau und unseren zwei T\u00f6chtern in Hannover. In der Hauptsache verdiene ich mein Geld als Referent f\u00fcr politische Bildung f\u00fcr eine politische Partei. Im Nebenberuf biete ich meine systemische Begleitung und Beratung an. Meine Freunde, Weggef\u00e4hrten und Kolleg*innen beschreiben mich als zugewandten und geduldigen Zuh\u00f6rer, als wertsch\u00e4tzenden und verbindlichen Gegen\u00fcber. Im Seminargeschehen stehe ich oft im Fokus, dabei agiere ich ungern im Mittelpunkt. Ich bin ein zutiefst politischer Mensch. Das dr\u00fcckt sich als Berater in dem Ziel aus, Menschen eine gr\u00f6\u00dftm\u00f6gliche Teilhabe zu er\u00f6ffnen und neue Optionen zu finden. In meiner Freizeit erkunde ich die Region mit dem Rennrad, lese gerne gute Krimis und bin ein echter Familienmensch.<\/p>\n\n\n\n<p>Als systemischer Berater und Coach verpflichte ich mich den <a href=\"https:\/\/www.coaching-dgfc.de\/ueber-die-dgfc\/ethikrichtlinien\/\">Ethikrichtlinien<\/a> der Deutschen Gesellschaft f\u00fcr Coaching (DGfC).<\/p>\n\n\n\n<p><strong>Sie haben Fragen an mich? Ich freue mich auf Ihre <\/strong><a href=\"http:\/\/leben-geht-anders.info\/?page_id=24\"><strong>Nachricht<\/strong><\/a><strong>!<\/strong><\/p>\n","protected":false},"excerpt":{"rendered":"<p>Ein hilfreiches Coaching basiert nicht vordringlich auf ausgefeilten Methoden, neuesten Managementtrends oder wohlklingenden Techniken, sondern wirkt aufgrund einer vertrauensvollen Beziehung zwischen gleichw\u00fcrdigen Menschen. Was mich ausmacht \u201eEin guter Coach ist dumm, faul und neugierig\u201c lautet ein g\u00e4ngiges Zitat unter Berater*innen. Mir gef\u00e4llt dieser Ausspruch, weil sich in ihm meine Vorstellung eines aufgeschlossenen, m\u00f6glichst unvoreingenommenen und [&hellip;]<\/p>\n","protected":false},"author":1,"featured_media":0,"parent":0,"menu_order":1,"comment_status":"closed","ping_status":"closed","template":"","meta":{"footnotes":""},"class_list":["post-13","page","type-page","status-publish","hentry"],"_links":{"self":[{"href":"https:\/\/leben-geht-anders.info\/index.php?rest_route=\/wp\/v2\/pages\/13","targetHints":{"allow":["GET"]}}],"collection":[{"href":"https:\/\/leben-geht-anders.info\/index.php?rest_route=\/wp\/v2\/pages"}],"about":[{"href":"https:\/\/leben-geht-anders.info\/index.php?rest_route=\/wp\/v2\/types\/page"}],"author":[{"embeddable":true,"href":"https:\/\/leben-geht-anders.info\/index.php?rest_route=\/wp\/v2\/users\/1"}],"replies":[{"embeddable":true,"href":"https:\/\/leben-geht-anders.info\/index.php?rest_route=%2Fwp%2Fv2%2Fcomments&post=13"}],"version-history":[{"count":41,"href":"https:\/\/leben-geht-anders.info\/index.php?rest_route=\/wp\/v2\/pages\/13\/revisions"}],"predecessor-version":[{"id":255,"href":"https:\/\/leben-geht-anders.info\/index.php?rest_route=\/wp\/v2\/pages\/13\/revisions\/255"}],"wp:attachment":[{"href":"https:\/\/leben-geht-anders.info\/index.php?rest_route=%2Fwp%2Fv2%2Fmedia&parent=13"}],"curies":[{"name":"wp","href":"https:\/\/api.w.org\/{rel}","templated":true}]}}