{"id":2,"date":"2016-05-10T03:48:21","date_gmt":"2016-05-10T03:48:21","guid":{"rendered":"http:\/\/leben-geht-anders.info\/?page_id=2"},"modified":"2020-09-30T10:57:22","modified_gmt":"2020-09-30T08:57:22","slug":"sample-page","status":"publish","type":"page","link":"https:\/\/leben-geht-anders.info\/","title":{"rendered":"Herzlich willkommen!"},"content":{"rendered":"<p>Unter der \u00dcberschrift \u201e<em>Leben geht anders<\/em>\u201c berate und begleite ich Einzelpersonen, Non-Profit-Einrichtungen oder Unternehmen als systemischer Coach und Moderator.<\/p>\n\n\n<p>\u201e<em>Leben geht anders<\/em>\u201c \u2013 Das ist Frage, Versprechen, Provokation und Anspruch zugleich f\u00fcr eine vertrauensvolle, zugewandte und professionelle Beratung. Gerne begleite ich Sie, die f\u00fcr Sie passenden Entscheidungen oder hilfreichen n\u00e4chsten Schritte zu gehen. Ich berate in beruflichen Fragestellungen sowie in privaten Belangen \u2013 von anstehenden Entscheidungen f\u00fcr den weiteren Lebens- und Berufsweg \u00fcber Konflikte im Team oder der Abteilung bis zur Weiterentwicklung Ihrer Organisation. Als systemischer Berater bin ich Fragensteller, Mutmacher, Unterst\u00fctzer, Suchender,  Reflexionsfl\u00e4che, Hinweisgeber, F\u00f6rderer, Einwandgeber, Zauderer, Zuh\u00f6rer und vieles mehr.<\/p>\n\n\n\n<p>Systemische Beratung reicht bei mir von der analytischen Reflexion von Prozessschritten und Strukturen \u00fcber das Einf\u00fchlen von emotionalen Beweggr\u00fcnden und Wirkungen bis zu gruppendynamischen Trainings. Meine Klient*innen sch\u00e4tzen mein wertsch\u00e4tzendes Wesen, profitieren von meiner langj\u00e4hrigen Erfahrung auf dem Feld der professionellen Kommunikation und erhalten neue Perspektiven durch eine gelebte systemische Haltung und ein breites Repertoire an methodischem Handwerkszeug. <\/p>\n\n\n\n<p><strong>Ich freue mich auf Sie! &#8211; <em>Ihr Daniel Cord<\/em><\/strong><\/p>\n","protected":false},"excerpt":{"rendered":"<p>Unter der \u00dcberschrift \u201eLeben geht anders\u201c berate und begleite ich Einzelpersonen, Non-Profit-Einrichtungen oder Unternehmen als systemischer Coach und Moderator. \u201eLeben geht anders\u201c \u2013 Das ist Frage, Versprechen, Provokation und Anspruch zugleich f\u00fcr eine vertrauensvolle, zugewandte und professionelle Beratung. Gerne begleite ich Sie, die f\u00fcr Sie passenden Entscheidungen oder hilfreichen n\u00e4chsten Schritte zu gehen. Ich berate [&hellip;]<\/p>\n","protected":false},"author":1,"featured_media":0,"parent":0,"menu_order":0,"comment_status":"closed","ping_status":"closed","template":"","meta":{"footnotes":""},"class_list":["post-2","page","type-page","status-publish","hentry"],"_links":{"self":[{"href":"https:\/\/leben-geht-anders.info\/index.php?rest_route=\/wp\/v2\/pages\/2","targetHints":{"allow":["GET"]}}],"collection":[{"href":"https:\/\/leben-geht-anders.info\/index.php?rest_route=\/wp\/v2\/pages"}],"about":[{"href":"https:\/\/leben-geht-anders.info\/index.php?rest_route=\/wp\/v2\/types\/page"}],"author":[{"embeddable":true,"href":"https:\/\/leben-geht-anders.info\/index.php?rest_route=\/wp\/v2\/users\/1"}],"replies":[{"embeddable":true,"href":"https:\/\/leben-geht-anders.info\/index.php?rest_route=%2Fwp%2Fv2%2Fcomments&post=2"}],"version-history":[{"count":39,"href":"https:\/\/leben-geht-anders.info\/index.php?rest_route=\/wp\/v2\/pages\/2\/revisions"}],"predecessor-version":[{"id":251,"href":"https:\/\/leben-geht-anders.info\/index.php?rest_route=\/wp\/v2\/pages\/2\/revisions\/251"}],"wp:attachment":[{"href":"https:\/\/leben-geht-anders.info\/index.php?rest_route=%2Fwp%2Fv2%2Fmedia&parent=2"}],"curies":[{"name":"wp","href":"https:\/\/api.w.org\/{rel}","templated":true}]}}