{"id":205,"date":"2019-09-02T22:59:47","date_gmt":"2019-09-02T20:59:47","guid":{"rendered":"http:\/\/leben-geht-anders.info\/?page_id=205"},"modified":"2020-02-11T22:10:48","modified_gmt":"2020-02-11T20:10:48","slug":"organisationsberatung","status":"publish","type":"page","link":"https:\/\/leben-geht-anders.info\/?page_id=205","title":{"rendered":"Organisationsberatung"},"content":{"rendered":"\n<p>Organisationen pr\u00e4gen unseren Alltag: In der Regel kommen wir in einer Organisation zum Leben (Krankenhaus). Organisationen bereiten Kinder und Jugendliche im weitesten Sinne auf das Leben vor (Kindertagespflege, Kitas, Schulen oder Universit\u00e4ten). Und viele Jahre verdienen wir innerhalb von Organisationen unser Geld (Betriebe, Verwaltung, Vereine oder Wohlfahrtsverb\u00e4nde). In Organisationen treffen unterschiedlichste Erwartungen, Typen und Verhaltensweisen aufeinander. Da bleiben Missverst\u00e4ndnisse oder Konflikte oft nicht aus.<\/p>\n\n\n\n<p>Als organisationserfahrener Coach berate und begleite ich \u00fcber Einzelsettings hinaus Gruppen, Teams, Abteilungen oder Organisationen in Fragen von beruflichem Miteinander, wertsch\u00e4tzendem Umgang untereinander, kulturellem oder organisatorischem Wandel oder bei der erfolgreichen Umsetzung von Projekten. <\/p>\n\n\n\n<div class=\"wp-block-image\"><figure class=\"alignleft is-resized\"><img loading=\"lazy\" decoding=\"async\" src=\"http:\/\/leben-geht-anders.info\/wp-content\/uploads\/2019\/07\/2019_lga_\u00dcberforderung.png\" alt=\"\" class=\"wp-image-161\" width=\"284\" height=\"249\" srcset=\"https:\/\/leben-geht-anders.info\/wp-content\/uploads\/2019\/07\/2019_lga_\u00dcberforderung.png 1000w, https:\/\/leben-geht-anders.info\/wp-content\/uploads\/2019\/07\/2019_lga_\u00dcberforderung-300x264.png 300w, https:\/\/leben-geht-anders.info\/wp-content\/uploads\/2019\/07\/2019_lga_\u00dcberforderung-768x675.png 768w, https:\/\/leben-geht-anders.info\/wp-content\/uploads\/2019\/07\/2019_lga_\u00dcberforderung-624x548.png 624w\" sizes=\"auto, (max-width: 284px) 100vw, 284px\" \/><\/figure><\/div>\n\n\n\n<p>Eine systemische Beratung widmet informellen Abl\u00e4ufen und zwischenmenschlichen Beziehungen ebenso gro\u00dfe Aufmerksamkeit wie den formalen Aspekten \u2013 von der Hierarchie im Hause \u00fcber Verhaltensregeln bis zu (arbeits-) rechtlichen Belangen. Als systemischer Coach steht f\u00fcr mich dabei  der gesamte Mensch im Fokus, nicht nur eine einzelne Angestellte oder ein bestimmter Mitarbeitender. Dabei verlasse ich mich auf eine ausgepr\u00e4gte gruppendynamische Kompetenz, auf einen genauen Blick auf Rollen, Erwartungen sowie organisationelle Prozesse und Strukturen. <\/p>\n\n\n\n<p>Die St\u00e4rke einer systemischen Organisationsberatung liegt darin, aufmerksam zu sein f\u00fcr zwischenmenschliche Belange, f\u00fcr unterschiedliche (Kultur-) Erwartungen und einge\u00fcbte Routinen. Systemische Beratung verstehe ich dabei stets als politisch im positivsten Sinn, weil Coaching die Teilhabe von Menschen an Entwicklungs- und Entscheidungssystemen f\u00f6rdert.<\/p>\n\n\n\n<p><strong>Moderation startet mit einem ersten Schritt<\/strong><\/p>\n\n\n\n<p>Am Beginn eines Coaching-Prozesses steht ein kostenfreies Erstgespr\u00e4ch. Sie lernen mich, meine Haltung und Arbeitsweisen kennen und machen sich ein Bild von mir. Anschlie\u00dfend vereinbaren wir in einer Auftragskl\u00e4rung Ihre Ziele sowie L\u00e4nge und Ablauf der Beratung. Die systemische Organisationsberatung nutzt dabei alle denkbaren Settings und Beratungskonstellationen \u2013 von Gro\u00dfgruppenmethoden \u00fcber Teambegleitungen bis zur Beratung von Leitungsgremien.<\/p>\n\n\n\n<p><strong>Sie haben Fragen an mich? Ich freue mich auf Ihre <a href=\"http:\/\/leben-geht-anders.info\/?page_id=24\">Nachricht<\/a>!<\/strong><\/p>\n","protected":false},"excerpt":{"rendered":"<p>Organisationen pr\u00e4gen unseren Alltag: In der Regel kommen wir in einer Organisation zum Leben (Krankenhaus). Organisationen bereiten Kinder und Jugendliche im weitesten Sinne auf das Leben vor (Kindertagespflege, Kitas, Schulen oder Universit\u00e4ten). Und viele Jahre verdienen wir innerhalb von Organisationen unser Geld (Betriebe, Verwaltung, Vereine oder Wohlfahrtsverb\u00e4nde). In Organisationen treffen unterschiedlichste Erwartungen, Typen und Verhaltensweisen [&hellip;]<\/p>\n","protected":false},"author":1,"featured_media":0,"parent":0,"menu_order":0,"comment_status":"closed","ping_status":"closed","template":"","meta":{"footnotes":""},"class_list":["post-205","page","type-page","status-publish","hentry"],"_links":{"self":[{"href":"https:\/\/leben-geht-anders.info\/index.php?rest_route=\/wp\/v2\/pages\/205","targetHints":{"allow":["GET"]}}],"collection":[{"href":"https:\/\/leben-geht-anders.info\/index.php?rest_route=\/wp\/v2\/pages"}],"about":[{"href":"https:\/\/leben-geht-anders.info\/index.php?rest_route=\/wp\/v2\/types\/page"}],"author":[{"embeddable":true,"href":"https:\/\/leben-geht-anders.info\/index.php?rest_route=\/wp\/v2\/users\/1"}],"replies":[{"embeddable":true,"href":"https:\/\/leben-geht-anders.info\/index.php?rest_route=%2Fwp%2Fv2%2Fcomments&post=205"}],"version-history":[{"count":2,"href":"https:\/\/leben-geht-anders.info\/index.php?rest_route=\/wp\/v2\/pages\/205\/revisions"}],"predecessor-version":[{"id":208,"href":"https:\/\/leben-geht-anders.info\/index.php?rest_route=\/wp\/v2\/pages\/205\/revisions\/208"}],"wp:attachment":[{"href":"https:\/\/leben-geht-anders.info\/index.php?rest_route=%2Fwp%2Fv2%2Fmedia&parent=205"}],"curies":[{"name":"wp","href":"https:\/\/api.w.org\/{rel}","templated":true}]}}